{"id":67810,"date":"2024-05-30T21:25:13","date_gmt":"2024-05-30T19:25:13","guid":{"rendered":"https:\/\/gorica.info\/?page_id=67810"},"modified":"2026-01-09T12:28:41","modified_gmt":"2026-01-09T11:28:41","slug":"autorska-prava","status":"publish","type":"page","link":"https:\/\/gorica.info\/en\/autorska-prava\/","title":{"rendered":"Autorska prava"},"content":{"rendered":"<p><a href=\"https:\/\/gorica.info\/en\/\">Gorica.info<\/a>\u00a0je nositelj autorskih prava na svim vlastitim sadr\u017eajima (tekstualni, vizalni i audio materijali, baze podataka i programerski kod). Neovla\u0161teno kori\u0161tenje bilo kojeg dijela portala smatra se kr\u0161enjem autorskih prava\u00a0<a href=\"https:\/\/gorica.info\/en\/\">Gorica.info<\/a>\u00a0portala i podlo\u017eno je tu\u017ebi.<\/p>\r\n\r\n\r\n\r\n<p>Neovla\u0161teno kori\u0161tenje bilo kojeg dijela portala bez dozvole vlasnika autorskih prava (<a href=\"https:\/\/gorica.info\/en\/\">Gorica.info<\/a>, partneri, korisnici\u2026) smatra se kr\u0161enjem autorskih prava i podlo\u017eno je tu\u017ebi.<\/p>\r\n\r\n\r\n\r\n<p>Korisnik koji smatra da je\u00a0<a href=\"https:\/\/gorica.info\/en\/\">Gorica.info<\/a>\u00a0povrijedila njegova autorska prava ovla\u0161ten je takav sadr\u017eaj odmah prijaviti redakciji ili nakladniku Premium Content. U slu\u010daju utvr\u0111ene povrede, redakcija \u0107e u najkra\u0107em roku ukloniti sporni sadr\u017eaj.<\/p>\r\n\r\n\r\n\r\n<p><a href=\"https:\/\/gorica.info\/en\/\">Gorica.info<\/a>\u00a0sadr\u017eava linkove na web stranice izvan vlastitog portala.\u00a0<a href=\"https:\/\/gorica.info\/en\/\">Gorica.info<\/a>\u00a0linkove objavljuje u dobroj namjeri i ne mo\u017ee se smatrati odgovornom za sadr\u017eaje izvan portala<\/p>","protected":false},"excerpt":{"rendered":"<p>Gorica.info\u00a0je nositelj autorskih prava na svim vlastitim sadr\u017eajima (tekstualni, vizalni i audio materijali, baze podataka i programerski kod). Neovla\u0161teno kori\u0161tenje bilo kojeg dijela portala smatra se kr\u0161enjem autorskih prava\u00a0Gorica.info\u00a0portala i podlo\u017eno je tu\u017ebi. Neovla\u0161teno kori\u0161tenje bilo kojeg dijela portala bez dozvole vlasnika autorskih prava (Gorica.info, partneri, korisnici\u2026) smatra se kr\u0161enjem autorskih prava i podlo\u017eno je [&hellip;]<\/p>\n","protected":false},"author":1,"featured_media":0,"parent":0,"menu_order":0,"comment_status":"closed","ping_status":"closed","template":"","meta":{"limit_modified_date":"","last_modified_date":"","jnews_page_loop":{"enable_page_loop":"0","first_title":"Latest Post","second_title":"","header_type":"heading_6","header_background":"","header_text_color":"","layout":"right-sidebar","sidebar":"default-sidebar","second_sidebar":"default-sidebar","sticky_sidebar":"1","module":"3","boxed":"0","boxed_shadow":"0","box_shadow":"0","excerpt_length":"20","content_date":"default","date_custom":"Y\/m\/d","content_pagination":"nav_1","pagination_align":"center","show_navtext":"0","show_pageinfo":"0","post_offset":"0","posts_per_page":"5","include_post":"","exclude_post":"","include_category":"","exclude_category":"","include_author":"","include_tag":"","exclude_tag":"","sort_by":"latest","main_custom_image_size":"default","second_custom_image_size":"default","post_sticky":"0"},"jnews_single_page":{"layout":"right-sidebar-narrow","sidebar":"default-sidebar","second_sidebar":"default-sidebar","sticky_sidebar":"1","show_post_featured":"1","show_post_meta":"0","share_position":"top","share_color":"share-monocrhome","show_post_title":"1","show_post_breadcrumbs":"1"},"footnotes":""},"class_list":["post-67810","page","type-page","status-publish","hentry"],"yoast_head":"<!-- This site is optimized with the Yoast SEO Premium plugin v27.4 (Yoast SEO v27.4) - https:\/\/yoast.com\/product\/yoast-seo-premium-wordpress\/ -->\n<title>Autorska prava - Gorica Info<\/title>\n<meta name=\"description\" content=\"Informacije o autorskim pravima i pravilima kori\u0161tenja sadr\u017eaja portala.\" \/>\n<meta name=\"robots\" content=\"index, follow, max-snippet:-1, max-image-preview:large, max-video-preview:-1\" \/>\n<link rel=\"canonical\" href=\"https:\/\/gorica.info\/en\/autorska-prava\/\" \/>\n<meta property=\"og:locale\" content=\"en_US\" \/>\n<meta property=\"og:type\" content=\"article\" \/>\n<meta property=\"og:title\" content=\"Autorska prava\" \/>\n<meta property=\"og:description\" content=\"Informacije o autorskim pravima i pravilima kori\u0161tenja sadr\u017eaja portala.\" \/>\n<meta property=\"og:url\" content=\"https:\/\/gorica.info\/en\/autorska-prava\/\" \/>\n<meta property=\"og:site_name\" content=\"Gorica Info\" \/>\n<meta property=\"article:publisher\" content=\"https:\/\/www.facebook.com\/Goricainfo-106005144489262\" \/>\n<meta property=\"article:modified_time\" content=\"2026-01-09T11:28:41+00:00\" \/>\n<meta property=\"og:image\" content=\"https:\/\/gorica.info\/wp-content\/uploads\/2026\/01\/Gorica-Info-Logo.png\" \/>\n\t<meta property=\"og:image:width\" content=\"1080\" \/>\n\t<meta property=\"og:image:height\" content=\"220\" \/>\n\t<meta property=\"og:image:type\" content=\"image\/png\" \/>\n<meta name=\"twitter:card\" content=\"summary_large_image\" \/>\n<meta name=\"twitter:site\" content=\"@GoricaInfo\" \/>\n<meta name=\"twitter:label1\" content=\"Est. reading time\" \/>\n\t<meta name=\"twitter:data1\" content=\"1 minute\" \/>\n<meta name=\"geo.placename\" content=\"Velika Gorica\" \/>\n<meta name=\"geo.region\" content=\"Croatia\" \/>\n<!-- \/ Yoast SEO Premium plugin. -->","yoast_head_json":{"title":"Autorska prava - Gorica Info","description":"Informacije o autorskim pravima i pravilima kori\u0161tenja sadr\u017eaja portala.","robots":{"index":"index","follow":"follow","max-snippet":"max-snippet:-1","max-image-preview":"max-image-preview:large","max-video-preview":"max-video-preview:-1"},"canonical":"https:\/\/gorica.info\/en\/autorska-prava\/","og_locale":"en_US","og_type":"article","og_title":"Autorska prava","og_description":"Informacije o autorskim pravima i pravilima kori\u0161tenja sadr\u017eaja portala.","og_url":"https:\/\/gorica.info\/en\/autorska-prava\/","og_site_name":"Gorica Info","article_publisher":"https:\/\/www.facebook.com\/Goricainfo-106005144489262","article_modified_time":"2026-01-09T11:28:41+00:00","og_image":[{"width":1080,"height":220,"url":"https:\/\/gorica.info\/wp-content\/uploads\/2026\/01\/Gorica-Info-Logo.png","type":"image\/png"}],"twitter_card":"summary_large_image","twitter_site":"@GoricaInfo","twitter_misc":{"Est. reading time":"1 minute"},"schema":{"@context":"https:\/\/schema.org","@graph":[{"@type":"WebPage","@id":"https:\/\/gorica.info\/autorska-prava\/","url":"https:\/\/gorica.info\/autorska-prava\/","name":"Autorska prava - Gorica Info","isPartOf":{"@id":"https:\/\/gorica.info\/#website"},"datePublished":"2024-05-30T19:25:13+00:00","dateModified":"2026-01-09T11:28:41+00:00","description":"Informacije o autorskim pravima i pravilima kori\u0161tenja sadr\u017eaja portala.","breadcrumb":{"@id":"https:\/\/gorica.info\/autorska-prava\/#breadcrumb"},"inLanguage":"en-US","potentialAction":[{"@type":"ReadAction","target":["https:\/\/gorica.info\/autorska-prava\/"]}]},{"@type":"BreadcrumbList","@id":"https:\/\/gorica.info\/autorska-prava\/#breadcrumb","itemListElement":[{"@type":"ListItem","position":1,"name":"Po\u010detna stranica","item":"https:\/\/gorica.info\/"},{"@type":"ListItem","position":2,"name":"Autorska prava"}]},{"@type":"WebSite","@id":"https:\/\/gorica.info\/#website","url":"https:\/\/gorica.info\/","name":"Gorica Info","description":"Vijesti iz Velike Gorice i okolice.","publisher":{"@id":"https:\/\/gorica.info\/#organization"},"potentialAction":[{"@type":"SearchAction","target":{"@type":"EntryPoint","urlTemplate":"https:\/\/gorica.info\/?s={search_term_string}"},"query-input":{"@type":"PropertyValueSpecification","valueRequired":true,"valueName":"search_term_string"}}],"inLanguage":"en-US"},{"@type":["Organization","Place","NewsMediaOrganization"],"@id":"https:\/\/gorica.info\/#organization","name":"Gorica Info","url":"https:\/\/gorica.info\/","logo":{"@id":"https:\/\/gorica.info\/autorska-prava\/#local-main-organization-logo"},"image":{"@id":"https:\/\/gorica.info\/autorska-prava\/#local-main-organization-logo"},"sameAs":["https:\/\/www.facebook.com\/Goricainfo-106005144489262","https:\/\/x.com\/GoricaInfo","https:\/\/www.instagram.com\/gorica.info\/"],"address":{"@id":"https:\/\/gorica.info\/autorska-prava\/#local-main-place-address"},"telephone":[],"openingHoursSpecification":[{"@type":"OpeningHoursSpecification","dayOfWeek":["Monday","Tuesday","Wednesday","Thursday","Friday","Saturday","Sunday"],"opens":"09:00","closes":"17:00"}],"email":"redakcija@gorica.info"},{"@type":"PostalAddress","@id":"https:\/\/gorica.info\/autorska-prava\/#local-main-place-address","streetAddress":"Horvatova 97","addressLocality":"Velika Gorica","postalCode":"10410","addressRegion":"Croatia","addressCountry":"HR"},{"@type":"ImageObject","inLanguage":"en-US","@id":"https:\/\/gorica.info\/autorska-prava\/#local-main-organization-logo","url":"https:\/\/gorica.info\/wp-content\/uploads\/2024\/07\/Gorica-Info-Logo-mali.png","contentUrl":"https:\/\/gorica.info\/wp-content\/uploads\/2024\/07\/Gorica-Info-Logo-mali.png","width":450,"height":85,"caption":"Gorica Info"}]},"geo.placename":"Velika Gorica","geo.region":"Croatia"},"_links":{"self":[{"href":"https:\/\/gorica.info\/en\/wp-json\/wp\/v2\/pages\/67810","targetHints":{"allow":["GET"]}}],"collection":[{"href":"https:\/\/gorica.info\/en\/wp-json\/wp\/v2\/pages"}],"about":[{"href":"https:\/\/gorica.info\/en\/wp-json\/wp\/v2\/types\/page"}],"author":[{"embeddable":true,"href":"https:\/\/gorica.info\/en\/wp-json\/wp\/v2\/users\/1"}],"replies":[{"embeddable":true,"href":"https:\/\/gorica.info\/en\/wp-json\/wp\/v2\/comments?post=67810"}],"version-history":[{"count":2,"href":"https:\/\/gorica.info\/en\/wp-json\/wp\/v2\/pages\/67810\/revisions"}],"predecessor-version":[{"id":96196,"href":"https:\/\/gorica.info\/en\/wp-json\/wp\/v2\/pages\/67810\/revisions\/96196"}],"wp:attachment":[{"href":"https:\/\/gorica.info\/en\/wp-json\/wp\/v2\/media?parent=67810"}],"curies":[{"name":"wp","href":"https:\/\/api.w.org\/{rel}","templated":true}]}}