{"id":67816,"date":"2024-05-30T21:26:32","date_gmt":"2024-05-30T19:26:32","guid":{"rendered":"https:\/\/gorica.info\/?page_id=67816"},"modified":"2026-01-09T12:32:28","modified_gmt":"2026-01-09T11:32:28","slug":"pravila-komentiranja","status":"publish","type":"page","link":"https:\/\/gorica.info\/en\/pravila-komentiranja\/","title":{"rendered":"Pravila komentiranja"},"content":{"rendered":"<p><strong>Korisnicima portala\u00a0<a href=\"https:\/\/gorica.info\/en\/\">Gorica.info<\/a>\u00a0zabranjeno je:<\/strong><\/p>\r\n\r\n\r\n\r\n<ul class=\"wp-block-list\">\r\n<li>Prijetiti drugim korisnicima, novinarima, administratorima ili onima o kojima se pi\u0161e u \u010dlancima, takve prijetnje mogu rezultirati i kaznenim progonom<\/li>\r\n\r\n\r\n\r\n<li>Vrije\u0111anje bilo koje osobe ili skupine na temelju nacionalne, rasne, spolne, vjerske ili druge pripadnosti te govor mr\u017enje i propagiranje nasilja<\/li>\r\n\r\n\r\n\r\n<li>Prikupljanje i objavljivanje osobnih podataka<\/li>\r\n\r\n\r\n\r\n<li>Objavljivanje neistinitih informacija o osobama i doga\u0111ajima, s ciljem zavaravanja ili klevete, te \u201ctrollanje\u201d, odnosno namjerno provociranje drugih komentatora<\/li>\r\n\r\n\r\n\r\n<li>Ogla\u0161avanje, netematski sadr\u017eaj, spam, kr\u0161enje autorskih prava<\/li>\r\n\r\n\r\n\r\n<li>Upotreba psovki, osim u slu\u010daju kada se koriste kao stilski izraz, odnosno kad nisu nekome izravno upu\u0107ene<\/li>\r\n\r\n\r\n\r\n<li>Pisanje bilo kojim pismom osim latinice<\/li>\r\n\r\n\r\n\r\n<li>Vrije\u0111anje ostalih korisnika i njihovih komentara, autora \u010dlanaka, te izravnih ili neizravnih subjekta \u010dlanaka.Nije dozvoljeno prijete\u0107e ili nametljivo pona\u0161anje, namjerno ometanje diskusija umetanjem repetitivnih i\/ili nesadr\u017eajnih poruka i komentara.Korisnik je osobno odgovoran za sadr\u017eaj koji objavljuje ili \u010dini dostupnim na web servisu\u00a0<a href=\"https:\/\/gorica.info\/en\/\">Gorica.info\u00a0<\/a>pridr\u017eava pravo ukloniti, premjestiti i\/ili urediti svaku objavu koja po njegovoj slobodnoj ocjeni predstavlja kr\u0161enje ovih Pravila komentiranja. U slu\u010daju te\u0161kog ili u\u010destalog kr\u0161enja Pravila,\u00a0<a href=\"https:\/\/gorica.info\/en\/\">Gorica.info<\/a>\u00a0pridr\u017eava pravo izbrisati korisnika iz arhive, \u010dime \u0107e se automatski izbrisati svi njegovi prethodni komentari.Svaka osoba koja smatra da je neki od korisnika portala\u00a0<a href=\"https:\/\/gorica.info\/en\/\">Gorica.info<\/a>, svojim komentarom ili drugim objavljenim sadr\u017eajem povrijedio njena prava ili prava tre\u0107ih osoba, du\u017ena je takav sadr\u017eaj odmah prijaviti portalu na e-mail\u00a0<a href=\"mailto:redakcija@gorica.info\">redakcija@gorica.info<\/a>, a\u00a0<a href=\"https:\/\/gorica.info\/en\/\">Gorica.info<\/a>\u00a0\u0107e, u slu\u010daju da se utvrdi ovakva povreda, odmah ukloniti prijavljeni sadr\u017eaj.<\/li>\r\n<\/ul>\r\n\r\n\r\n\r\n<p><strong>Zabrane propisane stavkom 2. \u010dlanka 94. Zakona o elektroni\u010dkim medijima<\/strong><\/p>\r\n\r\n\r\n\r\n<p>Sukladno odredbama propisanim stavkom 2. \u010dlanka 94. Zakona o elektroni\u010dkim medijima:<\/p>\r\n\r\n\r\n\r\n<p>Nije dopu\u0161teno objavljivanje informacije kojom se otkriva identitet djeteta do 18. godine \u017eivota uklju\u010denog u slu\u010dajeve bilo kojeg oblika nasilja, bez obzira je li svjedok, \u017ertva ili po\u010dinitelj ili je dijete poku\u0161alo ili izvr\u0161ilo samoubojstvo, a niti iznositi pojedinosti iz djetetovih obiteljskih odnosa i privatnog \u017eivota.<\/p>\r\n\r\n\r\n\r\n<p>Zabranjeno je objavljivanje sadr\u017eaja kojim se ugro\u017eavaju ustavni poredak i nacionalna sigurnost te javno poti\u010de na po\u010dinjenje kaznenog djela terorizma iz \u010dlanka 99. Kaznenog zakona<\/p>\r\n\r\n\r\n\r\n<p>Zabranjeno je objavljivanje sadr\u017eaja kojim se poti\u010de, pogoduje poticanju i \u0161irenju mr\u017enje ili diskriminacije na osnovi rasne ili etni\u010dke pripadnosti ili boje ko\u017ee, spola, jezika, vjere, politi\u010dkog ili drugog uvjerenja, nacionalnog ili socijalnog podrijetla, imovnog stanja, \u010dlanstva u sindikatu, obrazovanja, dru\u0161tvenog polo\u017eaja,<br \/>bra\u010dnog ili obiteljskog statusa, dobi, zdravstvenog stanja, invaliditeta, genetskog naslije\u0111a, rodnog identiteta, izra\u017eavanja ili spolne orijentacije te antisemitizma i ksenofobije, nacional-\u0161ovinisti\u010dke ideologije, ideja fa\u0161isti\u010dkih, nacisti\u010dkih, komunisti\u010dkih i drugih totalitarnih re\u017eima.<\/p>\r\n\r\n\r\n\r\n<p>Zabranjeno je objavljivanje sadr\u017eaja kojim se poti\u010de na kaznena djela u vezi s dje\u010djom pornografijom iz \u010dlanka 163. Kaznenog zakona i kaznena djela koja se odnose na rasizam i ksenofobiju iz \u010dlanka 125. Kaznenog zakona<\/p>\r\n\r\n\r\n\r\n<p>Zabranjeno je objavljivanje sadr\u017eaja kojim bi se povrijedila autorska i srodna prava tre\u0107ih osoba.<\/p>","protected":false},"excerpt":{"rendered":"<p>Korisnicima portala\u00a0Gorica.info\u00a0zabranjeno je: Zabrane propisane stavkom 2. \u010dlanka 94. Zakona o elektroni\u010dkim medijima Sukladno odredbama propisanim stavkom 2. \u010dlanka 94. Zakona o elektroni\u010dkim medijima: Nije dopu\u0161teno objavljivanje informacije kojom se otkriva identitet djeteta do 18. godine \u017eivota uklju\u010denog u slu\u010dajeve bilo kojeg oblika nasilja, bez obzira je li svjedok, \u017ertva ili po\u010dinitelj ili je dijete [&hellip;]<\/p>\n","protected":false},"author":1,"featured_media":0,"parent":0,"menu_order":0,"comment_status":"closed","ping_status":"closed","template":"","meta":{"limit_modified_date":"","last_modified_date":"","jnews_page_loop":{"enable_page_loop":"0","first_title":"Latest Post","second_title":"","header_type":"heading_6","header_background":"","header_text_color":"","layout":"right-sidebar","sidebar":"default-sidebar","second_sidebar":"default-sidebar","sticky_sidebar":"1","module":"3","boxed":"0","boxed_shadow":"0","box_shadow":"0","excerpt_length":"20","content_date":"default","date_custom":"Y\/m\/d","content_pagination":"nav_1","pagination_align":"center","show_navtext":"0","show_pageinfo":"0","post_offset":"0","posts_per_page":"5","include_post":"","exclude_post":"","include_category":"","exclude_category":"","include_author":"","include_tag":"","exclude_tag":"","sort_by":"latest","main_custom_image_size":"default","second_custom_image_size":"default","post_sticky":"0"},"jnews_single_page":{"layout":"right-sidebar-narrow","sidebar":"default-sidebar","second_sidebar":"default-sidebar","sticky_sidebar":"1","show_post_featured":"1","show_post_meta":"0","share_position":"top","share_color":"share-monocrhome","show_post_title":"1","show_post_breadcrumbs":"1"},"footnotes":""},"class_list":["post-67816","page","type-page","status-publish","hentry"],"yoast_head":"<!-- This site is optimized with the Yoast SEO Premium plugin v27.4 (Yoast SEO v27.4) - https:\/\/yoast.com\/product\/yoast-seo-premium-wordpress\/ -->\n<title>Pravila komentiranja - Gorica Info<\/title>\n<meta name=\"description\" content=\"Smjernice i pravila za komentiranje i sudjelovanje na portalu.\" \/>\n<meta name=\"robots\" content=\"index, follow, max-snippet:-1, max-image-preview:large, max-video-preview:-1\" \/>\n<link rel=\"canonical\" href=\"https:\/\/gorica.info\/en\/pravila-komentiranja\/\" \/>\n<meta property=\"og:locale\" content=\"en_US\" \/>\n<meta property=\"og:type\" content=\"article\" \/>\n<meta property=\"og:title\" content=\"Pravila komentiranja\" \/>\n<meta property=\"og:description\" content=\"Smjernice i pravila za komentiranje i sudjelovanje na portalu.\" \/>\n<meta property=\"og:url\" content=\"https:\/\/gorica.info\/en\/pravila-komentiranja\/\" \/>\n<meta property=\"og:site_name\" content=\"Gorica Info\" \/>\n<meta property=\"article:publisher\" content=\"https:\/\/www.facebook.com\/Goricainfo-106005144489262\" \/>\n<meta property=\"article:modified_time\" content=\"2026-01-09T11:32:28+00:00\" \/>\n<meta property=\"og:image\" content=\"https:\/\/gorica.info\/wp-content\/uploads\/2026\/01\/Gorica-Info-Logo.png\" \/>\n\t<meta property=\"og:image:width\" content=\"1080\" \/>\n\t<meta property=\"og:image:height\" content=\"220\" \/>\n\t<meta property=\"og:image:type\" content=\"image\/png\" \/>\n<meta name=\"twitter:card\" content=\"summary_large_image\" \/>\n<meta name=\"twitter:site\" content=\"@GoricaInfo\" \/>\n<meta name=\"twitter:label1\" content=\"Est. reading time\" \/>\n\t<meta name=\"twitter:data1\" content=\"3 minutes\" \/>\n<meta name=\"geo.placename\" content=\"Velika Gorica\" \/>\n<meta name=\"geo.region\" content=\"Croatia\" \/>\n<!-- \/ Yoast SEO Premium plugin. -->","yoast_head_json":{"title":"Pravila komentiranja - Gorica Info","description":"Smjernice i pravila za komentiranje i sudjelovanje na portalu.","robots":{"index":"index","follow":"follow","max-snippet":"max-snippet:-1","max-image-preview":"max-image-preview:large","max-video-preview":"max-video-preview:-1"},"canonical":"https:\/\/gorica.info\/en\/pravila-komentiranja\/","og_locale":"en_US","og_type":"article","og_title":"Pravila komentiranja","og_description":"Smjernice i pravila za komentiranje i sudjelovanje na portalu.","og_url":"https:\/\/gorica.info\/en\/pravila-komentiranja\/","og_site_name":"Gorica Info","article_publisher":"https:\/\/www.facebook.com\/Goricainfo-106005144489262","article_modified_time":"2026-01-09T11:32:28+00:00","og_image":[{"width":1080,"height":220,"url":"https:\/\/gorica.info\/wp-content\/uploads\/2026\/01\/Gorica-Info-Logo.png","type":"image\/png"}],"twitter_card":"summary_large_image","twitter_site":"@GoricaInfo","twitter_misc":{"Est. reading time":"3 minutes"},"schema":{"@context":"https:\/\/schema.org","@graph":[{"@type":"WebPage","@id":"https:\/\/gorica.info\/pravila-komentiranja\/","url":"https:\/\/gorica.info\/pravila-komentiranja\/","name":"Pravila komentiranja - Gorica Info","isPartOf":{"@id":"https:\/\/gorica.info\/#website"},"datePublished":"2024-05-30T19:26:32+00:00","dateModified":"2026-01-09T11:32:28+00:00","description":"Smjernice i pravila za komentiranje i sudjelovanje na portalu.","breadcrumb":{"@id":"https:\/\/gorica.info\/pravila-komentiranja\/#breadcrumb"},"inLanguage":"en-US","potentialAction":[{"@type":"ReadAction","target":["https:\/\/gorica.info\/pravila-komentiranja\/"]}]},{"@type":"BreadcrumbList","@id":"https:\/\/gorica.info\/pravila-komentiranja\/#breadcrumb","itemListElement":[{"@type":"ListItem","position":1,"name":"Po\u010detna stranica","item":"https:\/\/gorica.info\/"},{"@type":"ListItem","position":2,"name":"Pravila komentiranja"}]},{"@type":"WebSite","@id":"https:\/\/gorica.info\/#website","url":"https:\/\/gorica.info\/","name":"Gorica Info","description":"Vijesti iz Velike Gorice i okolice.","publisher":{"@id":"https:\/\/gorica.info\/#organization"},"potentialAction":[{"@type":"SearchAction","target":{"@type":"EntryPoint","urlTemplate":"https:\/\/gorica.info\/?s={search_term_string}"},"query-input":{"@type":"PropertyValueSpecification","valueRequired":true,"valueName":"search_term_string"}}],"inLanguage":"en-US"},{"@type":["Organization","Place","NewsMediaOrganization"],"@id":"https:\/\/gorica.info\/#organization","name":"Gorica Info","url":"https:\/\/gorica.info\/","logo":{"@id":"https:\/\/gorica.info\/pravila-komentiranja\/#local-main-organization-logo"},"image":{"@id":"https:\/\/gorica.info\/pravila-komentiranja\/#local-main-organization-logo"},"sameAs":["https:\/\/www.facebook.com\/Goricainfo-106005144489262","https:\/\/x.com\/GoricaInfo","https:\/\/www.instagram.com\/gorica.info\/"],"address":{"@id":"https:\/\/gorica.info\/pravila-komentiranja\/#local-main-place-address"},"telephone":[],"openingHoursSpecification":[{"@type":"OpeningHoursSpecification","dayOfWeek":["Monday","Tuesday","Wednesday","Thursday","Friday","Saturday","Sunday"],"opens":"09:00","closes":"17:00"}],"email":"redakcija@gorica.info"},{"@type":"PostalAddress","@id":"https:\/\/gorica.info\/pravila-komentiranja\/#local-main-place-address","streetAddress":"Horvatova 97","addressLocality":"Velika Gorica","postalCode":"10410","addressRegion":"Croatia","addressCountry":"HR"},{"@type":"ImageObject","inLanguage":"en-US","@id":"https:\/\/gorica.info\/pravila-komentiranja\/#local-main-organization-logo","url":"https:\/\/gorica.info\/wp-content\/uploads\/2024\/07\/Gorica-Info-Logo-mali.png","contentUrl":"https:\/\/gorica.info\/wp-content\/uploads\/2024\/07\/Gorica-Info-Logo-mali.png","width":450,"height":85,"caption":"Gorica Info"}]},"geo.placename":"Velika Gorica","geo.region":"Croatia"},"_links":{"self":[{"href":"https:\/\/gorica.info\/en\/wp-json\/wp\/v2\/pages\/67816","targetHints":{"allow":["GET"]}}],"collection":[{"href":"https:\/\/gorica.info\/en\/wp-json\/wp\/v2\/pages"}],"about":[{"href":"https:\/\/gorica.info\/en\/wp-json\/wp\/v2\/types\/page"}],"author":[{"embeddable":true,"href":"https:\/\/gorica.info\/en\/wp-json\/wp\/v2\/users\/1"}],"replies":[{"embeddable":true,"href":"https:\/\/gorica.info\/en\/wp-json\/wp\/v2\/comments?post=67816"}],"version-history":[{"count":2,"href":"https:\/\/gorica.info\/en\/wp-json\/wp\/v2\/pages\/67816\/revisions"}],"predecessor-version":[{"id":96191,"href":"https:\/\/gorica.info\/en\/wp-json\/wp\/v2\/pages\/67816\/revisions\/96191"}],"wp:attachment":[{"href":"https:\/\/gorica.info\/en\/wp-json\/wp\/v2\/media?parent=67816"}],"curies":[{"name":"wp","href":"https:\/\/api.w.org\/{rel}","templated":true}]}}