{"id":68025,"date":"2024-06-16T21:10:21","date_gmt":"2024-06-16T19:10:21","guid":{"rendered":"https:\/\/gorica.info\/?page_id=68025"},"modified":"2026-01-09T12:30:29","modified_gmt":"2026-01-09T11:30:29","slug":"o-nama","status":"publish","type":"page","link":"https:\/\/gorica.info\/en\/o-nama\/","title":{"rendered":"O nama"},"content":{"rendered":"<p>Portal Gorica.info donosi vijesti, tekstove, kolumne, provjerene informacije, zanimljive pri\u010de, fotografije i video priloge iz Velike Gorice, Zagreba\u010dke \u017eupanije i Zagreba ali i ono najbitnije iz Hrvatske, Europe i \u010ditavog svijeta. Dat \u0107emo sve od sebe da vi, na\u0161i \u010ditatelji, mo\u017eete u\u017eivati u na\u0161im tekstovima, kako biste bili informiraniji kada pro\u010ditate na\u0161e vijesti i kako biste se sa zanimanjem vra\u0107ali na ovaj portal.<br \/>\u017divimo u moru la\u017enih vijesti, poluinformacija i dezinformacija pa \u0107emo se beskompromisno zalagati za kvalitetno novinarstvo. Ono je temelj demokratskog dru\u0161tva u kojem je svima dostupna provjerena, istinita i pravodobna informacija. Obe\u0107avamo vam da \u0107emo biti neovisni i nepristrani.<\/p>","protected":false},"excerpt":{"rendered":"<p>Portal Gorica.info donosi vijesti, tekstove, kolumne, provjerene informacije, zanimljive pri\u010de, fotografije i video priloge iz Velike Gorice, Zagreba\u010dke \u017eupanije i Zagreba ali i ono najbitnije iz Hrvatske, Europe i \u010ditavog svijeta. Dat \u0107emo sve od sebe da vi, na\u0161i \u010ditatelji, mo\u017eete u\u017eivati u na\u0161im tekstovima, kako biste bili informiraniji kada pro\u010ditate na\u0161e vijesti i kako [&hellip;]<\/p>\n","protected":false},"author":1,"featured_media":0,"parent":0,"menu_order":0,"comment_status":"closed","ping_status":"closed","template":"","meta":{"limit_modified_date":"","last_modified_date":"","jnews_page_loop":{"enable_page_loop":"0","first_title":"Latest Post","second_title":"","header_type":"heading_6","header_background":"","header_text_color":"","layout":"right-sidebar","sidebar":"default-sidebar","second_sidebar":"default-sidebar","sticky_sidebar":"1","module":"3","boxed":"0","boxed_shadow":"0","box_shadow":"0","excerpt_length":"20","content_date":"default","date_custom":"Y\/m\/d","content_pagination":"nav_1","pagination_align":"center","show_navtext":"0","show_pageinfo":"0","post_offset":"0","posts_per_page":"5","include_post":"","exclude_post":"","include_category":"","exclude_category":"","include_author":"","include_tag":"","exclude_tag":"","sort_by":"latest","post_sticky":"0","main_custom_image_size":"default","second_custom_image_size":"default"},"jnews_single_page":{"layout":"right-sidebar","sidebar":"default-sidebar","second_sidebar":"default-sidebar","sticky_sidebar":"1","show_post_featured":"1","show_post_meta":"0","share_position":"top","share_color":"share-monocrhome","show_post_title":"1","show_post_breadcrumbs":"1"},"footnotes":""},"class_list":["post-68025","page","type-page","status-publish","hentry"],"yoast_head":"<!-- This site is optimized with the Yoast SEO Premium plugin v27.4 (Yoast SEO v27.4) - https:\/\/yoast.com\/product\/yoast-seo-premium-wordpress\/ -->\n<title>O nama - Gorica Info<\/title>\n<meta name=\"description\" content=\"Saznajte vi\u0161e o portalu, na\u0161oj misiji i timu koji stoji iza vijesti.\" \/>\n<meta name=\"robots\" content=\"index, follow, max-snippet:-1, max-image-preview:large, max-video-preview:-1\" \/>\n<link rel=\"canonical\" href=\"https:\/\/gorica.info\/en\/o-nama\/\" \/>\n<meta property=\"og:locale\" content=\"en_US\" \/>\n<meta property=\"og:type\" content=\"article\" \/>\n<meta property=\"og:title\" content=\"O nama\" \/>\n<meta property=\"og:description\" content=\"Saznajte vi\u0161e o portalu, na\u0161oj misiji i timu koji stoji iza vijesti.\" \/>\n<meta property=\"og:url\" content=\"https:\/\/gorica.info\/en\/o-nama\/\" \/>\n<meta property=\"og:site_name\" content=\"Gorica Info\" \/>\n<meta property=\"article:publisher\" content=\"https:\/\/www.facebook.com\/Goricainfo-106005144489262\" \/>\n<meta property=\"article:modified_time\" content=\"2026-01-09T11:30:29+00:00\" \/>\n<meta property=\"og:image\" content=\"https:\/\/gorica.info\/wp-content\/uploads\/2026\/01\/Gorica-Info-Logo.png\" \/>\n\t<meta property=\"og:image:width\" content=\"1080\" \/>\n\t<meta property=\"og:image:height\" content=\"220\" \/>\n\t<meta property=\"og:image:type\" content=\"image\/png\" \/>\n<meta name=\"twitter:card\" content=\"summary_large_image\" \/>\n<meta name=\"twitter:site\" content=\"@GoricaInfo\" \/>\n<meta name=\"twitter:label1\" content=\"Est. reading time\" \/>\n\t<meta name=\"twitter:data1\" content=\"1 minute\" \/>\n<meta name=\"geo.placename\" content=\"Velika Gorica\" \/>\n<meta name=\"geo.region\" content=\"Croatia\" \/>\n<!-- \/ Yoast SEO Premium plugin. -->","yoast_head_json":{"title":"O nama - Gorica Info","description":"Saznajte vi\u0161e o portalu, na\u0161oj misiji i timu koji stoji iza vijesti.","robots":{"index":"index","follow":"follow","max-snippet":"max-snippet:-1","max-image-preview":"max-image-preview:large","max-video-preview":"max-video-preview:-1"},"canonical":"https:\/\/gorica.info\/en\/o-nama\/","og_locale":"en_US","og_type":"article","og_title":"O nama","og_description":"Saznajte vi\u0161e o portalu, na\u0161oj misiji i timu koji stoji iza vijesti.","og_url":"https:\/\/gorica.info\/en\/o-nama\/","og_site_name":"Gorica Info","article_publisher":"https:\/\/www.facebook.com\/Goricainfo-106005144489262","article_modified_time":"2026-01-09T11:30:29+00:00","og_image":[{"width":1080,"height":220,"url":"https:\/\/gorica.info\/wp-content\/uploads\/2026\/01\/Gorica-Info-Logo.png","type":"image\/png"}],"twitter_card":"summary_large_image","twitter_site":"@GoricaInfo","twitter_misc":{"Est. reading time":"1 minute"},"schema":{"@context":"https:\/\/schema.org","@graph":[{"@type":"WebPage","@id":"https:\/\/gorica.info\/o-nama\/","url":"https:\/\/gorica.info\/o-nama\/","name":"O nama - Gorica Info","isPartOf":{"@id":"https:\/\/gorica.info\/#website"},"datePublished":"2024-06-16T19:10:21+00:00","dateModified":"2026-01-09T11:30:29+00:00","description":"Saznajte vi\u0161e o portalu, na\u0161oj misiji i timu koji stoji iza vijesti.","breadcrumb":{"@id":"https:\/\/gorica.info\/o-nama\/#breadcrumb"},"inLanguage":"en-US","potentialAction":[{"@type":"ReadAction","target":["https:\/\/gorica.info\/o-nama\/"]}]},{"@type":"BreadcrumbList","@id":"https:\/\/gorica.info\/o-nama\/#breadcrumb","itemListElement":[{"@type":"ListItem","position":1,"name":"Po\u010detna stranica","item":"https:\/\/gorica.info\/"},{"@type":"ListItem","position":2,"name":"O nama"}]},{"@type":"WebSite","@id":"https:\/\/gorica.info\/#website","url":"https:\/\/gorica.info\/","name":"Gorica Info","description":"Vijesti iz Velike Gorice i okolice.","publisher":{"@id":"https:\/\/gorica.info\/#organization"},"potentialAction":[{"@type":"SearchAction","target":{"@type":"EntryPoint","urlTemplate":"https:\/\/gorica.info\/?s={search_term_string}"},"query-input":{"@type":"PropertyValueSpecification","valueRequired":true,"valueName":"search_term_string"}}],"inLanguage":"en-US"},{"@type":["Organization","Place","NewsMediaOrganization"],"@id":"https:\/\/gorica.info\/#organization","name":"Gorica Info","url":"https:\/\/gorica.info\/","logo":{"@id":"https:\/\/gorica.info\/o-nama\/#local-main-organization-logo"},"image":{"@id":"https:\/\/gorica.info\/o-nama\/#local-main-organization-logo"},"sameAs":["https:\/\/www.facebook.com\/Goricainfo-106005144489262","https:\/\/x.com\/GoricaInfo","https:\/\/www.instagram.com\/gorica.info\/"],"address":{"@id":"https:\/\/gorica.info\/o-nama\/#local-main-place-address"},"telephone":[],"openingHoursSpecification":[{"@type":"OpeningHoursSpecification","dayOfWeek":["Monday","Tuesday","Wednesday","Thursday","Friday","Saturday","Sunday"],"opens":"09:00","closes":"17:00"}],"email":"redakcija@gorica.info"},{"@type":"PostalAddress","@id":"https:\/\/gorica.info\/o-nama\/#local-main-place-address","streetAddress":"Horvatova 97","addressLocality":"Velika Gorica","postalCode":"10410","addressRegion":"Croatia","addressCountry":"HR"},{"@type":"ImageObject","inLanguage":"en-US","@id":"https:\/\/gorica.info\/o-nama\/#local-main-organization-logo","url":"https:\/\/gorica.info\/wp-content\/uploads\/2024\/07\/Gorica-Info-Logo-mali.png","contentUrl":"https:\/\/gorica.info\/wp-content\/uploads\/2024\/07\/Gorica-Info-Logo-mali.png","width":450,"height":85,"caption":"Gorica Info"}]},"geo.placename":"Velika Gorica","geo.region":"Croatia"},"_links":{"self":[{"href":"https:\/\/gorica.info\/en\/wp-json\/wp\/v2\/pages\/68025","targetHints":{"allow":["GET"]}}],"collection":[{"href":"https:\/\/gorica.info\/en\/wp-json\/wp\/v2\/pages"}],"about":[{"href":"https:\/\/gorica.info\/en\/wp-json\/wp\/v2\/types\/page"}],"author":[{"embeddable":true,"href":"https:\/\/gorica.info\/en\/wp-json\/wp\/v2\/users\/1"}],"replies":[{"embeddable":true,"href":"https:\/\/gorica.info\/en\/wp-json\/wp\/v2\/comments?post=68025"}],"version-history":[{"count":2,"href":"https:\/\/gorica.info\/en\/wp-json\/wp\/v2\/pages\/68025\/revisions"}],"predecessor-version":[{"id":96193,"href":"https:\/\/gorica.info\/en\/wp-json\/wp\/v2\/pages\/68025\/revisions\/96193"}],"wp:attachment":[{"href":"https:\/\/gorica.info\/en\/wp-json\/wp\/v2\/media?parent=68025"}],"curies":[{"name":"wp","href":"https:\/\/api.w.org\/{rel}","templated":true}]}}