{"id":79336,"date":"2024-11-05T16:37:31","date_gmt":"2024-11-05T15:37:31","guid":{"rendered":"https:\/\/gorica.info\/?page_id=79336"},"modified":"2026-04-11T16:39:42","modified_gmt":"2026-04-11T14:39:42","slug":"ispracaji","status":"publish","type":"page","link":"https:\/\/gorica.info\/en\/ispracaji\/","title":{"rendered":"Ispra\u0107aji"},"content":{"rendered":"<div data-elementor-type=\"wp-page\" data-elementor-id=\"79336\" class=\"elementor elementor-79336\">\n\t\t\t\t<div class=\"elementor-element elementor-element-5e16af2 e-flex e-con-boxed e-con e-parent\" data-id=\"5e16af2\" data-element_type=\"container\" data-e-type=\"container\">\n\t\t\t\t\t<div class=\"e-con-inner\">\n\t\t<div class=\"elementor-element elementor-element-488022d e-con-full e-flex e-con e-child\" data-id=\"488022d\" data-element_type=\"container\" data-e-type=\"container\">\n\t\t\t\t<\/div>\n\t\t\t\t\t<\/div>\n\t\t\t\t<\/div>\n\t\t<div class=\"elementor-element elementor-element-077162b e-flex e-con-boxed e-con e-parent\" data-id=\"077162b\" data-element_type=\"container\" data-e-type=\"container\">\n\t\t\t\t\t<div class=\"e-con-inner\">\n\t\t\t\t<div class=\"elementor-element elementor-element-02b58f6 elementor-widget elementor-widget-image\" data-id=\"02b58f6\" data-element_type=\"widget\" data-e-type=\"widget\" data-widget_type=\"image.default\">\n\t\t\t\t<div class=\"elementor-widget-container\">\n\t\t\t\t\t\t\t\t\t\t\t\t\t\t\t<img fetchpriority=\"high\" decoding=\"async\" width=\"689\" height=\"462\" src=\"https:\/\/gorica.info\/wp-content\/uploads\/2026\/04\/sprovodi-11042026.jpg\" class=\"attachment-large size-large wp-image-106531\" alt=\"\" srcset=\"https:\/\/gorica.info\/wp-content\/uploads\/2026\/04\/sprovodi-11042026.jpg 689w, https:\/\/gorica.info\/wp-content\/uploads\/2026\/04\/sprovodi-11042026-300x201.jpg 300w, https:\/\/gorica.info\/wp-content\/uploads\/2026\/04\/sprovodi-11042026-18x12.jpg 18w\" sizes=\"(max-width: 689px) 100vw, 689px\" \/>\t\t\t\t\t\t\t\t\t\t\t\t\t\t\t<\/div>\n\t\t\t\t<\/div>\n\t\t\t\t\t<\/div>\n\t\t\t\t<\/div>\n\t\t\t\t<\/div>","protected":false},"excerpt":{"rendered":"","protected":false},"author":1,"featured_media":0,"parent":0,"menu_order":0,"comment_status":"closed","ping_status":"closed","template":"","meta":{"limit_modified_date":"","last_modified_date":"","jnews_page_loop":{"first_title":"Latest Post","header_type":"heading_6","layout":"right-sidebar","sidebar":"default-sidebar","second_sidebar":"default-sidebar","sticky_sidebar":"1","module":"3","main_custom_image_size":"default","second_custom_image_size":"default","excerpt_length":"20","content_date":"default","date_custom":"Y\/m\/d","content_pagination":"nav_1","pagination_align":"center","post_sticky":"0","post_offset":"0","posts_per_page":"5","sort_by":"latest"},"jnews_single_page":{"layout":"no-sidebar","sidebar":"default-sidebar","second_sidebar":"default-sidebar","sticky_sidebar":"1","show_post_title":"1","show_post_breadcrumbs":"1","show_post_featured":"1","share_position":"top","share_color":"share-monocrhome"},"footnotes":""},"class_list":["post-79336","page","type-page","status-publish","hentry"],"yoast_head":"<!-- This site is optimized with the Yoast SEO Premium plugin v27.4 (Yoast SEO v27.4) - https:\/\/yoast.com\/product\/yoast-seo-premium-wordpress\/ -->\n<title>Ispra\u0107aji - Gorica Info<\/title>\n<meta name=\"description\" content=\"Informacije o posljednjim ispra\u0107ajima te sje\u0107anja na preminule.\" \/>\n<meta name=\"robots\" content=\"index, follow, max-snippet:-1, max-image-preview:large, max-video-preview:-1\" \/>\n<link rel=\"canonical\" href=\"https:\/\/gorica.info\/en\/ispracaji\/\" \/>\n<meta property=\"og:locale\" content=\"en_US\" \/>\n<meta property=\"og:type\" content=\"article\" \/>\n<meta property=\"og:title\" content=\"Ispra\u0107aji\" \/>\n<meta property=\"og:description\" content=\"Informacije o posljednjim ispra\u0107ajima te sje\u0107anja na preminule.\" \/>\n<meta property=\"og:url\" content=\"https:\/\/gorica.info\/en\/ispracaji\/\" \/>\n<meta property=\"og:site_name\" content=\"Gorica Info\" \/>\n<meta property=\"article:publisher\" content=\"https:\/\/www.facebook.com\/Goricainfo-106005144489262\" \/>\n<meta property=\"article:modified_time\" content=\"2026-04-11T14:39:42+00:00\" \/>\n<meta property=\"og:image\" content=\"https:\/\/gorica.info\/wp-content\/uploads\/2026\/04\/sprovodi-11042026.jpg\" \/>\n<meta name=\"twitter:card\" content=\"summary_large_image\" \/>\n<meta name=\"twitter:site\" content=\"@GoricaInfo\" \/>\n<meta name=\"twitter:label1\" content=\"Est. reading time\" \/>\n\t<meta name=\"twitter:data1\" content=\"1 minute\" \/>\n<meta name=\"geo.placename\" content=\"Velika Gorica\" \/>\n<meta name=\"geo.region\" content=\"Croatia\" \/>\n<!-- \/ Yoast SEO Premium plugin. -->","yoast_head_json":{"title":"Ispra\u0107aji - Gorica Info","description":"Informacije o posljednjim ispra\u0107ajima te sje\u0107anja na preminule.","robots":{"index":"index","follow":"follow","max-snippet":"max-snippet:-1","max-image-preview":"max-image-preview:large","max-video-preview":"max-video-preview:-1"},"canonical":"https:\/\/gorica.info\/en\/ispracaji\/","og_locale":"en_US","og_type":"article","og_title":"Ispra\u0107aji","og_description":"Informacije o posljednjim ispra\u0107ajima te sje\u0107anja na preminule.","og_url":"https:\/\/gorica.info\/en\/ispracaji\/","og_site_name":"Gorica Info","article_publisher":"https:\/\/www.facebook.com\/Goricainfo-106005144489262","article_modified_time":"2026-04-11T14:39:42+00:00","og_image":[{"url":"https:\/\/gorica.info\/wp-content\/uploads\/2026\/04\/sprovodi-11042026.jpg","type":"","width":"","height":""}],"twitter_card":"summary_large_image","twitter_site":"@GoricaInfo","twitter_misc":{"Est. reading time":"1 minute"},"schema":{"@context":"https:\/\/schema.org","@graph":[{"@type":"WebPage","@id":"https:\/\/gorica.info\/ispracaji\/","url":"https:\/\/gorica.info\/ispracaji\/","name":"Ispra\u0107aji - Gorica Info","isPartOf":{"@id":"https:\/\/gorica.info\/#website"},"primaryImageOfPage":{"@id":"https:\/\/gorica.info\/ispracaji\/#primaryimage"},"image":{"@id":"https:\/\/gorica.info\/ispracaji\/#primaryimage"},"thumbnailUrl":"https:\/\/gorica.info\/wp-content\/uploads\/2026\/04\/sprovodi-11042026.jpg","datePublished":"2024-11-05T15:37:31+00:00","dateModified":"2026-04-11T14:39:42+00:00","description":"Informacije o posljednjim ispra\u0107ajima te sje\u0107anja na preminule.","breadcrumb":{"@id":"https:\/\/gorica.info\/ispracaji\/#breadcrumb"},"inLanguage":"en-US","potentialAction":[{"@type":"ReadAction","target":["https:\/\/gorica.info\/ispracaji\/"]}]},{"@type":"ImageObject","inLanguage":"en-US","@id":"https:\/\/gorica.info\/ispracaji\/#primaryimage","url":"https:\/\/gorica.info\/wp-content\/uploads\/2026\/04\/sprovodi-11042026.jpg","contentUrl":"https:\/\/gorica.info\/wp-content\/uploads\/2026\/04\/sprovodi-11042026.jpg"},{"@type":"BreadcrumbList","@id":"https:\/\/gorica.info\/ispracaji\/#breadcrumb","itemListElement":[{"@type":"ListItem","position":1,"name":"Po\u010detna stranica","item":"https:\/\/gorica.info\/"},{"@type":"ListItem","position":2,"name":"Ispra\u0107aji"}]},{"@type":"WebSite","@id":"https:\/\/gorica.info\/#website","url":"https:\/\/gorica.info\/","name":"Gorica Info","description":"Vijesti iz Velike Gorice i okolice.","publisher":{"@id":"https:\/\/gorica.info\/#organization"},"potentialAction":[{"@type":"SearchAction","target":{"@type":"EntryPoint","urlTemplate":"https:\/\/gorica.info\/?s={search_term_string}"},"query-input":{"@type":"PropertyValueSpecification","valueRequired":true,"valueName":"search_term_string"}}],"inLanguage":"en-US"},{"@type":["Organization","Place","NewsMediaOrganization"],"@id":"https:\/\/gorica.info\/#organization","name":"Gorica Info","url":"https:\/\/gorica.info\/","logo":{"@id":"https:\/\/gorica.info\/ispracaji\/#local-main-organization-logo"},"image":{"@id":"https:\/\/gorica.info\/ispracaji\/#local-main-organization-logo"},"sameAs":["https:\/\/www.facebook.com\/Goricainfo-106005144489262","https:\/\/x.com\/GoricaInfo","https:\/\/www.instagram.com\/gorica.info\/"],"address":{"@id":"https:\/\/gorica.info\/ispracaji\/#local-main-place-address"},"telephone":[],"openingHoursSpecification":[{"@type":"OpeningHoursSpecification","dayOfWeek":["Monday","Tuesday","Wednesday","Thursday","Friday","Saturday","Sunday"],"opens":"09:00","closes":"17:00"}],"email":"redakcija@gorica.info"},{"@type":"PostalAddress","@id":"https:\/\/gorica.info\/ispracaji\/#local-main-place-address","streetAddress":"Horvatova 97","addressLocality":"Velika Gorica","postalCode":"10410","addressRegion":"Croatia","addressCountry":"HR"},{"@type":"ImageObject","inLanguage":"en-US","@id":"https:\/\/gorica.info\/ispracaji\/#local-main-organization-logo","url":"https:\/\/gorica.info\/wp-content\/uploads\/2024\/07\/Gorica-Info-Logo-mali.png","contentUrl":"https:\/\/gorica.info\/wp-content\/uploads\/2024\/07\/Gorica-Info-Logo-mali.png","width":450,"height":85,"caption":"Gorica Info"}]},"geo.placename":"Velika Gorica","geo.region":"Croatia"},"_links":{"self":[{"href":"https:\/\/gorica.info\/en\/wp-json\/wp\/v2\/pages\/79336","targetHints":{"allow":["GET"]}}],"collection":[{"href":"https:\/\/gorica.info\/en\/wp-json\/wp\/v2\/pages"}],"about":[{"href":"https:\/\/gorica.info\/en\/wp-json\/wp\/v2\/types\/page"}],"author":[{"embeddable":true,"href":"https:\/\/gorica.info\/en\/wp-json\/wp\/v2\/users\/1"}],"replies":[{"embeddable":true,"href":"https:\/\/gorica.info\/en\/wp-json\/wp\/v2\/comments?post=79336"}],"version-history":[{"count":409,"href":"https:\/\/gorica.info\/en\/wp-json\/wp\/v2\/pages\/79336\/revisions"}],"predecessor-version":[{"id":106534,"href":"https:\/\/gorica.info\/en\/wp-json\/wp\/v2\/pages\/79336\/revisions\/106534"}],"wp:attachment":[{"href":"https:\/\/gorica.info\/en\/wp-json\/wp\/v2\/media?parent=79336"}],"curies":[{"name":"wp","href":"https:\/\/api.w.org\/{rel}","templated":true}]}}